{"id":7,"date":"2022-10-27T07:38:28","date_gmt":"2022-10-27T07:38:28","guid":{"rendered":"https:\/\/calculator-online.info\/es\/?page_id=7"},"modified":"2024-05-08T13:26:18","modified_gmt":"2024-05-08T13:26:18","slug":"calculadora-online","status":"publish","type":"page","link":"https:\/\/calculator-online.info\/es\/","title":{"rendered":"Calculadora Online"},"content":{"rendered":"\t\t<div data-elementor-type=\"wp-page\" data-elementor-id=\"7\" class=\"elementor elementor-7\">\n\t\t\t\t\t\t\t\t\t<section class=\"elementor-section elementor-top-section elementor-element elementor-element-ea7aa54 elementor-section-boxed elementor-section-height-default elementor-section-height-default\" data-id=\"ea7aa54\" data-element_type=\"section\">\n\t\t\t\t\t\t<div class=\"elementor-container elementor-column-gap-default\">\n\t\t\t\t\t<div class=\"elementor-column elementor-col-100 elementor-top-column elementor-element elementor-element-0cdbe54\" data-id=\"0cdbe54\" data-element_type=\"column\">\n\t\t\t<div class=\"elementor-widget-wrap elementor-element-populated\">\n\t\t\t\t\t\t\t\t<div class=\"elementor-element elementor-element-f73f9e7 elementor-widget elementor-widget-html\" data-id=\"f73f9e7\" data-element_type=\"widget\" data-widget_type=\"html.default\">\n\t\t\t\t<div class=\"elementor-widget-container\">\n\t\t\t\n\n\n\n<link rel=\"stylesheet\" href=\"https:\/\/calculator-online.info\/online-calculators\/main-calc2.css\">\n\n\n\n\n<div class=\"container-maincalc\">\n  <div class=\"calc\">\n      \n      \n    \n        \n        \n        \n        \n        \n        \n        \n    \n        \n      \n      \n      \n    <div class=\"calc_display\">\n        \n        \n        \n        \n        \n        \n               <button class=\"btncopycalc\" onclick=\"myFunction()\"><i class=\"fa fa-clone\" aria-hidden=\"true\"><\/i> Copiar resultado<\/button>\n        \n        \n        \n        \n        \n      <label for=\"\" class=\"calc_display-query\">\n          \n          \n          \n          \n                \n          \n          \n          \n          \n          \n               <span class=\"calc_clipboard\" id=\"CopyOp\"> <\/span>\n               \n               \n               \n               \n               \n        <input class=\"calc_display-query_text\" id=\"EvalResult\" type=\"text\" placeholder=\"\" readonly=\"true\">\n        \n        \n        \n        \n        \n        \n      <\/label>\n      <label for=\"\" class=\"calc_display-input\">\n        <span class=\"calc_clipboard\" id=\"CopyResult\"><\/span>\n        <span class=\"calc_clipboard\" id=\"PasteResult\"><\/span>\n          \n          \n          \n          \n          \n          \n          <!-- Old buttons \n          \n          \n        <span class=\"calc_clipboard\" id=\"CopyOp\"><i class=\"fa fa-copy\"><\/i><\/span>\n        <input class=\"calc_display-query_text\" id=\"EvalResult\" type=\"text\" placeholder=\"Enter the calculation below\" readonly=\"true\">\n      <\/label>\n      <label for=\"\" class=\"calc_display-input\">\n        <span class=\"calc_clipboard\" id=\"CopyResult\"><i class=\"fa fa-copy\"><\/i><\/span>\n        <span class=\"calc_clipboard\" id=\"PasteResult\"><i class=\"fa fa-paste\"><\/i><\/span>\n        \n        \n        \n        \n        \n        Old buttons -->\n        \n        \n      \n        \n        \n        \n        \n        <input class=\"calc_display-query_text\" id=\"UserInput\" type=\"text\" readonly=\"true\">\n      <\/label>\n    <\/div>\n    <label for=\"\" class=\"show_layer noselect prev\" id=\"PrevButton\"><span>\u2baa<\/span><\/label>\n    <label for=\"\" class=\"show_layer noselect next\" id=\"NextButton\"><span>\u2bab<\/span><\/label>\n    <input id=\"ShowAdvanced\" type=\"checkbox\"\/>\n    <label class=\"show_advanced noselect\" for=\"ShowAdvanced\">\n      <i class=\"fa fa-exchange\"><\/i>\n    <\/label>\n    <input id=\"Layer1\" type=\"radio\" name=\"Layers\" checked=\"checked\"\/>\n    <label class=\"show_layer noselect layer_one\" for=\"Layer1\">\n      <span>1<\/span>\n    <\/label>\n    <input id=\"Layer2\" type=\"radio\" name=\"Layers\"\/>\n    <label class=\"show_layer noselect layer_two\" for=\"Layer2\">\n      <span>2<\/span>\n    <\/label>\n    <div class=\"calc_wrapper\" id=\"CalcNumpad\">\n      <div class=\"calc_buttons advanced_controls\">\n        <div class=\"calc_buttons-row\">\n          <label data-val=\"mc\" class=\"calc_button memory full\">\n            <span class=\"calc_text\">mc<\/span>\n          <\/label>\n          <label data-val=\"m+\" class=\"calc_button memory full\">\n            <span class=\"calc_text\">m<i class=\"calc_color\">+<\/i><\/span>\n          <\/label>\n          <label data-val=\"m-\" class=\"calc_button memory full\">\n            <span class=\"calc_text\">m<i class=\"calc_color\">-<\/i><\/span>\n          <\/label>\n          <label data-val=\"mr\" class=\"calc_button memory full\">\n            <span class=\"calc_text\">mr<\/span>\n          <\/label>\n          <label data-val=\"(pi)\" class=\"calc_button core main-option full\">\n            <span class=\"calc_text\">&pi;<\/span>\n          <\/label>\n          <label data-val=\"i\" class=\"calc_button core shift-option full\">\n            <span class=\"calc_text\">i<\/span>\n          <\/label>\n        <\/div>\n        <!--end:row-->\n        <div class=\"calc_buttons-row\">\n          <label data-val=\"sin(\" class=\"calc_button core main-option full\">\n            <span class=\"calc_text\">sin<\/span>\n          <\/label>\n          <label data-val=\"cos(\" class=\"calc_button core main-option full\">\n            <span class=\"calc_text\">cos<\/span>\n          <\/label>\n          <label data-val=\"tan(\" class=\"calc_button core main-option full\">\n            <span class=\"calc_text\">tan<\/span>\n          <\/label>\n          <label data-val=\"asin(\" class=\"calc_button core shift-option full\">\n            <span class=\"calc_text\"><i class=\"calc_color\">a<\/i>sin<\/span>\n          <\/label>\n          <label data-val=\"acos(\" class=\"calc_button core shift-option full\">\n            <span class=\"calc_text\"><i class=\"calc_color\">a<\/i>cos<\/span>\n          <\/label>\n          <label data-val=\"atan(\" class=\"calc_button core shift-option full\">\n            <span class=\"calc_text\"><i class=\"calc_color\">a<\/i>tan<\/span>\n          <\/label>\n          <label data-val=\"log(\" class=\"calc_button core shift-option full\">\n            <span class=\"calc_text\">log<\/span>\n          <\/label>\n          <label data-val=\"sqrt(\" class=\"calc_button core main-option full\">\n            <span class=\"calc_text\"><span class=\"sup\">2<\/span> <span class=\"calc_color\">&radic; <\/span>x<\/span>\n          <\/label>\n          <label data-val=\"log10(\" class=\"calc_button core shift-option full\">\n            <span class=\"calc_text\">log<span class=\"sub calc_color\">10<\/span><\/span>\n          <\/label>\n          <label data-val=\"cbrt(\" class=\"calc_button core main-option full\">\n            <span class=\"calc_text\"><span class=\"sup\">3<\/span> <span class=\"calc_color\">&radic; <\/span>x<\/span>\n          <\/label>\n        <\/div>\n        <!--end:row-->\n        <div class=\"calc_buttons-row\">\n          <label data-val=\"csc(\" class=\"calc_button core main-option full\">\n            <span class=\"calc_text\">csc<\/span>\n          <\/label>\n          <label data-val=\"sec(\" class=\"calc_button core main-option full\">\n            <span class=\"calc_text\">sec<\/span>\n          <\/label>\n          <label data-val=\"cot(\" class=\"calc_button core main-option full\">\n            <span class=\"calc_text\">cot<\/span>\n          <\/label>\n          <label data-val=\"acsc(\" class=\"calc_button core shift-option full\">\n            <span class=\"calc_text\"><i class=\"calc_color\">a<\/i>csc<\/span>\n          <\/label>\n          <label data-val=\"asec(\" class=\"calc_button core shift-option full\">\n            <span class=\"calc_text\"><i class=\"calc_color\">a<\/i>sec<\/span>\n          <\/label>\n          <label data-val=\"acot(\" class=\"calc_button core shift-option full\">\n            <span class=\"calc_text\"><i class=\"calc_color\">a<\/i>cot<\/span>\n          <\/label>\n          <label data-val=\"(e)\" class=\"calc_button core shift-option full\">\n            <span class=\"calc_text\">e<\/span>\n          <\/label>\n          <label data-val=\"^2\" class=\"calc_button core main-option full\">\n            <span class=\"calc_text\">x<span class=\"sup calc_color\">2<\/span><\/span>\n          <\/label>\n          <label data-val=\"(e)^\" class=\"calc_button core shift-option full\">\n            <span class=\"calc_text\">e<span class=\"sup calc_color\">x<\/span><\/span>\n          <\/label>\n          <label data-val=\"^3\" class=\"calc_button core main-option full\">\n            <span class=\"calc_text\">x<span class=\"sup calc_color\">3<\/span><\/span>\n          <\/label>\n        <\/div>\n        <!--end:row-->\n        <div class=\"calc_buttons-row\">\n          <label data-val=\"sinh(\" class=\"calc_button core main-option full\">\n            <span class=\"calc_text\">sin<i class=\"calc_color\">h<\/i><\/span>\n          <\/label>\n          <label data-val=\"cosh(\" class=\"calc_button core main-option full\">\n            <span class=\"calc_text\">cos<i class=\"calc_color\">h<\/i><\/span>\n          <\/label>\n          <label data-val=\"tanh(\" class=\"calc_button core main-option full\">\n            <span class=\"calc_text\">tan<i class=\"calc_color\">h<\/i><\/span>\n          <\/label>\n          <label data-val=\"asinh(\" class=\"calc_button core shift-option full\">\n            <span class=\"calc_text\"><i class=\"calc_color\">a<\/i>sin<i class=\"calc_color\">h<\/i><\/span>\n          <\/label>\n          <label data-val=\"acosh(\" class=\"calc_button core shift-option full\">\n            <span class=\"calc_text\"><i class=\"calc_color\">a<\/i>cos<i class=\"calc_color\">h<\/i><\/span>\n          <\/label>\n          <label data-val=\"atanh(\" class=\"calc_button core shift-option full\">\n            <span class=\"calc_text\"><i class=\"calc_color\">a<\/i>tan<i class=\"calc_color\">h<\/i><\/span>\n          <\/label>\n          <label data-val=\"derivative\" class=\"calc_button full\" id=\"Derivative\">\n            <span class=\"calc_text\">x<i class=\"calc_color\">'<\/i><\/span>\n          <\/label>\n          <label data-val=\"integral\" class=\"calc_button integral full\" id=\"Integral\">\n            <span class=\"calc_text\"><i class=\"calc_color\">&int;<\/i> x<\/span>\n          <\/label>\n        <\/div>\n        <!--end:row-->\n        <div class=\"calc_buttons-row\">\n          <label data-val=\"csch(\" class=\"calc_button core main-option full\">\n            <span class=\"calc_text\">csc<i class=\"calc_color\">h<\/i><\/span>\n          <\/label>\n          <label data-val=\"sech(\" class=\"calc_button core main-option full\">\n            <span class=\"calc_text\">sec<i class=\"calc_color\">h<\/i><\/span>\n          <\/label>\n          <label data-val=\"coth(\" class=\"calc_button core main-option full\">\n            <span class=\"calc_text\">cot<i class=\"calc_color\">h<\/i><\/span>\n          <\/label>\n          <label data-val=\"acsch(\" class=\"calc_button core shift-option full\">\n            <span class=\"calc_text\"><i class=\"calc_color\">a<\/i>csc<i class=\"calc_color\">h<\/i><\/span>\n          <\/label>\n          <label data-val=\"asech(\" class=\"calc_button core shift-option full\">\n            <span class=\"calc_text\"><i class=\"calc_color\">a<\/i>sec<i class=\"calc_color\">h<\/i><\/span>\n          <\/label>\n          <label data-val=\"acoth(\" class=\"calc_button core shift-option full\">\n            <span class=\"calc_text\"><i class=\"calc_color\">a<\/i>cot<i class=\"calc_color\">h<\/i><\/span>\n          <\/label>\n          <label data-val=\"x\" class=\"calc_button core full\">\n            <span class=\"calc_text\">x<\/span>\n          <\/label>\n          <label data-val=\"y\" class=\"calc_button core full\">\n            <span class=\"calc_text\"><i class=\"calc_color\">y<\/i><\/span>\n          <\/label>\n        <\/div>\n        <!--end:row-->\n      <\/div>\n      <div class=\"calc_buttons main_controls\">\n        <div class=\"calc_buttons-row\">\n          <div data-val=\"C\" class=\"calc_button clear main\" id=\"Clear\" readonly=\"readonly\">\n            <span class=\"calc_text noselect\">C<\/span>\n          <\/div>\n          <label data-val=\"(\" class=\"calc_button core\">\n            <span class=\"calc_text\">(<\/span>\n          <\/label>\n          <label data-val=\")\" class=\"calc_button core\">\n            <span class=\"calc_text\">)<\/span>\n          <\/label>\n          <label data-val=\"%\" class=\"calc_button core\">\n            <span class=\"calc_text\">Mod<\/span>\n          <\/label>\n          <label data-val=\"del\" class=\"calc_button delete\" id=\"Delete\">\n            <span class=\"calc_text\">Del<\/span>\n          <\/label>\n        <\/div>\n        <!--end:row-->\n        <div class=\"calc_buttons-row\">\n          <label data-val=\"^(1\/\" class=\"calc_button main-option core\">\n            <span class=\"calc_text\"><span class=\"sup\">x<\/span> <span class=\"calc_color\">&radic; <\/span>x<\/span>\n          <\/label>\n          <label data-val=\"nthRoot(\" class=\"calc_button shift-option core\">\n            <span class=\"calc_text\"><span class=\"sup calc_color\">x<\/span> &radic; <span class=\"calc_color\">x<\/span><\/span>\n          <\/label>\n          <label data-val=\"7\" class=\"calc_button digit\">\n            <span class=\"calc_text\">7<\/span>\n          <\/label>\n          <label data-val=\"8\" class=\"calc_button digit\">\n            <span class=\"calc_text\">8<\/span>\n          <\/label>\n          <label data-val=\"9\" class=\"calc_button digit\">\n            <span class=\"calc_text\">9<\/span>\n          <\/label>\n          <label data-val=\"\/\" class=\"calc_button core\">\n            <span class=\"calc_text\">&divide;<\/span>\n          <\/label>\n        <\/div>\n        <!--end:row-->\n        <div class=\"calc_buttons-row\">\n          <label data-val=\"^\" class=\"calc_button core\">\n            <span class=\"calc_text\">x<span class=\"sup calc_color\">y<\/span><\/span>\n          <\/label>\n          <label data-val=\"4\" class=\"calc_button digit\">\n            <span class=\"calc_text\">4<\/span>\n          <\/label>\n          <label data-val=\"5\" class=\"calc_button digit\">\n            <span class=\"calc_text\">5<\/span>\n          <\/label>\n          <label data-val=\"6\" class=\"calc_button digit\">\n            <span class=\"calc_text\">6<\/span>\n          <\/label>\n          <label data-val=\"*\" class=\"calc_button core\">\n            <span class=\"calc_text\">&times;<\/span>\n          <\/label>\n        <\/div>\n        <!--end:row-->\n        <div class=\"calc_buttons-row\">\n          <label data-val=\"!\" class=\"calc_button core\">\n            <span class=\"calc_text\">x<i class=\"calc_color\">!<\/i><\/span>\n          <\/label>\n          <label data-val=\"1\" class=\"calc_button digit\">\n            <span class=\"calc_text\">1<\/span>\n          <\/label>\n          <label data-val=\"2\" class=\"calc_button digit\">\n            <span class=\"calc_text\">2<\/span>\n          <\/label>\n          <label data-val=\"3\" class=\"calc_button digit\">\n            <span class=\"calc_text\">3<\/span>\n          <\/label>\n          <label data-val=\"-\" class=\"calc_button core\">\n            <span class=\"calc_text\">&#8211;<\/span>\n          <\/label>\n        <\/div>\n        <!--end:row-->\n        <div class=\"calc_buttons-row\">\n          <label data-val=\",\" class=\"calc_button core calc_color\">\n            <span class=\"calc_text calc_color\">&#44;<\/span>\n          <\/label>\n          <label data-val=\".\" class=\"calc_button core\">\n            <span class=\"calc_text calc_color\">.<\/span>\n          <\/label>\n          <label data-val=\"0\" class=\"calc_button digit\">\n            <span class=\"calc_text\">0<\/span>\n          <\/label>\n          <label data-val=\"=\" class=\"calc_button eval\" id=\"Eval\">\n            <span class=\"calc_text\">=<\/span>\n          <\/label>\n          <label data-val=\"+\" class=\"calc_button core\">\n            <span class=\"calc_text\">+<\/span>\n          <\/label>\n        <\/div>\n        <!--end:row-->\n      <\/div>\n    <\/div>  \n  <\/div>\n<\/div>\n<!-- partial -->\n  <script src='https:\/\/calculator-online.info\/online-calculators\/helperscripts\/hammer.min.js'><\/script>\n<script src='https:\/\/calculator-online.info\/online-calculators\/helperscripts\/algebrite.bundle-for-browser.js'><\/script>\n<script src='https:\/\/calculator-online.info\/online-calculators\/helperscripts\/math.min.js'><\/script>\n\n\n\n\n\n<script  src=\"https:\/\/calculator-online.info\/online-calculators\/main-calc.js\"><\/script>\n\n\n<script>\n\n\nfunction myFunction() {\n  \/* Get the text field *\/\n  var copyText = document.getElementById(\"UserInput\");\n\n  \/* Select the text field *\/\n  copyText.select();\n  copyText.setSelectionRange(0, 999999999999); \/* For mobile devices *\/\n\n  \/* Copy the text inside the text field *\/\n  navigator.clipboard.writeText(copyText.value);\n \n \n\n \n  \n  \/* Alert the copied text *\/\n  alert(\"El resultado se copia: \" + copyText.value);\n  \n  \n \n  \n}\n<\/script>\n\n\n\n\n\n\n\n\t\t<\/div>\n\t\t\t\t<\/div>\n\t\t\t\t\t<\/div>\n\t\t<\/div>\n\t\t\t\t\t\t\t<\/div>\n\t\t<\/section>\n\t\t\t\t<section class=\"elementor-section elementor-top-section elementor-element elementor-element-a97f92e elementor-section-boxed elementor-section-height-default elementor-section-height-default\" data-id=\"a97f92e\" data-element_type=\"section\">\n\t\t\t\t\t\t<div class=\"elementor-container elementor-column-gap-default\">\n\t\t\t\t\t<div class=\"elementor-column elementor-col-100 elementor-top-column elementor-element elementor-element-d2eea37\" data-id=\"d2eea37\" data-element_type=\"column\">\n\t\t\t<div class=\"elementor-widget-wrap elementor-element-populated\">\n\t\t\t\t\t\t\t\t<div class=\"elementor-element elementor-element-20518b6 elementor-widget elementor-widget-text-editor\" data-id=\"20518b6\" data-element_type=\"widget\" data-widget_type=\"text-editor.default\">\n\t\t\t\t<div class=\"elementor-widget-container\">\n\t\t\t<style>\/*! elementor - v3.14.0 - 26-06-2023 *\/\n.elementor-widget-text-editor.elementor-drop-cap-view-stacked .elementor-drop-cap{background-color:#69727d;color:#fff}.elementor-widget-text-editor.elementor-drop-cap-view-framed .elementor-drop-cap{color:#69727d;border:3px solid;background-color:transparent}.elementor-widget-text-editor:not(.elementor-drop-cap-view-default) .elementor-drop-cap{margin-top:8px}.elementor-widget-text-editor:not(.elementor-drop-cap-view-default) .elementor-drop-cap-letter{width:1em;height:1em}.elementor-widget-text-editor .elementor-drop-cap{float:left;text-align:center;line-height:1;font-size:50px}.elementor-widget-text-editor .elementor-drop-cap-letter{display:inline-block}<\/style>\t\t\t\t<strong><a href=\"https:\/\/calculator-online.info\/calc.html\" target=\"_blank\" rel=\"noopener\"><i class=\"fa fa-arrows-alt\" style=\"color: #ff6a63; font-size: 22px; padding-right: 1%;\" aria-hidden=\"true\"><\/i> Abrir la calculadora en pantalla completa<\/a><\/strong>\t\t\t\t\t\t<\/div>\n\t\t\t\t<\/div>\n\t\t\t\t\t<\/div>\n\t\t<\/div>\n\t\t\t\t\t\t\t<\/div>\n\t\t<\/section>\n\t\t\t\t<section class=\"elementor-section elementor-top-section elementor-element elementor-element-9111910 elementor-section-boxed elementor-section-height-default elementor-section-height-default\" data-id=\"9111910\" data-element_type=\"section\">\n\t\t\t\t\t\t<div class=\"elementor-container elementor-column-gap-default\">\n\t\t\t\t\t<div class=\"elementor-column elementor-col-100 elementor-top-column elementor-element elementor-element-43c4fe4\" data-id=\"43c4fe4\" data-element_type=\"column\">\n\t\t\t<div class=\"elementor-widget-wrap elementor-element-populated\">\n\t\t\t\t\t\t\t\t<div class=\"elementor-element elementor-element-c9d785f elementor-widget elementor-widget-text-editor\" data-id=\"c9d785f\" data-element_type=\"widget\" data-widget_type=\"text-editor.default\">\n\t\t\t\t<div class=\"elementor-widget-container\">\n\t\t\t\t\t\t\t<h2>\u00bfC\u00f3mo utilizar la calculadora en l\u00ednea?<\/h2><p>La calculadora en l\u00ednea no es diferente de la habitual, salvo que todos los c\u00e1lculos se realizan en l\u00ednea en su pantalla. En lugar de pulsar los botones f\u00edsicos del dispositivo, basta con hacer clic en la pantalla del smartphone o utilizar un rat\u00f3n de ordenador.<\/p>\t\t\t\t\t\t<\/div>\n\t\t\t\t<\/div>\n\t\t\t\t\t<\/div>\n\t\t<\/div>\n\t\t\t\t\t\t\t<\/div>\n\t\t<\/section>\n\t\t\t\t\t\t\t<\/div>\n\t\t","protected":false},"excerpt":{"rendered":"<p>Copiar resultado \u2baa \u2bab 1 2 mc m+ m&#8211; mr &pi; i sin cos tan asin acos atan log 2 &radic; x log10 3 &radic; x csc sec cot acsc asec acot e x2 ex x3 sinh cosh tanh asinh acosh atanh x&#8216; &int; x csch sech coth acsch asech acoth x y C ( [&hellip;]<\/p>\n","protected":false},"author":1,"featured_media":0,"parent":0,"menu_order":0,"comment_status":"closed","ping_status":"closed","template":"","meta":[],"yoast_head":"<title>Calculadora Online<\/title>\n<meta name=\"description\" content=\"Use online calculator for correct calculations. Digital tool for simple math and complicated tasks with advanced features for evaluating percentages, fractions, logarithms, etc.\" \/>\n<meta name=\"robots\" content=\"index, follow, max-snippet:-1, max-image-preview:large, max-video-preview:-1\" \/>\n<link rel=\"canonical\" href=\"https:\/\/calculator-online.info\/es\/\" \/>\n<meta property=\"og:locale\" content=\"es_ES\" \/>\n<meta property=\"og:type\" content=\"article\" \/>\n<meta property=\"og:title\" content=\"Calculadora Online\" \/>\n<meta property=\"og:description\" content=\"Use online calculator for correct calculations. Digital tool for simple math and complicated tasks with advanced features for evaluating percentages, fractions, logarithms, etc.\" \/>\n<meta property=\"og:url\" content=\"https:\/\/calculator-online.info\/es\/\" \/>\n<meta property=\"og:site_name\" content=\"Calculadora Online\" \/>\n<meta property=\"article:modified_time\" content=\"2024-05-08T13:26:18+00:00\" \/>\n<meta name=\"twitter:card\" content=\"summary_large_image\" \/>\n<meta name=\"twitter:label1\" content=\"Tiempo de lectura\" \/>\n\t<meta name=\"twitter:data1\" content=\"1 minuto\" \/>\n<script type=\"application\/ld+json\" class=\"yoast-schema-graph\">{\"@context\":\"https:\/\/schema.org\",\"@graph\":[{\"@type\":\"WebPage\",\"@id\":\"https:\/\/calculator-online.info\/es\/\",\"url\":\"https:\/\/calculator-online.info\/es\/\",\"name\":\"Calculadora Online\",\"isPartOf\":{\"@id\":\"https:\/\/calculator-online.info\/es\/#website\"},\"datePublished\":\"2022-10-27T07:38:28+00:00\",\"dateModified\":\"2024-05-08T13:26:18+00:00\",\"description\":\"Use online calculator for correct calculations. Digital tool for simple math and complicated tasks with advanced features for evaluating percentages, fractions, logarithms, etc.\",\"breadcrumb\":{\"@id\":\"https:\/\/calculator-online.info\/es\/#breadcrumb\"},\"inLanguage\":\"es\",\"potentialAction\":[{\"@type\":\"ReadAction\",\"target\":[\"https:\/\/calculator-online.info\/es\/\"]}]},{\"@type\":\"BreadcrumbList\",\"@id\":\"https:\/\/calculator-online.info\/es\/#breadcrumb\",\"itemListElement\":[{\"@type\":\"ListItem\",\"position\":1,\"name\":\"Portada\",\"item\":\"https:\/\/calculator-online.info\/es\/\"},{\"@type\":\"ListItem\",\"position\":2,\"name\":\"Calculadora Online\"}]},{\"@type\":\"WebSite\",\"@id\":\"https:\/\/calculator-online.info\/es\/#website\",\"url\":\"https:\/\/calculator-online.info\/es\/\",\"name\":\"Calculadora Online\",\"description\":\"\",\"potentialAction\":[{\"@type\":\"SearchAction\",\"target\":{\"@type\":\"EntryPoint\",\"urlTemplate\":\"https:\/\/calculator-online.info\/es\/?s={search_term_string}\"},\"query-input\":\"required name=search_term_string\"}],\"inLanguage\":\"es\"}]}<\/script>","yoast_head_json":{"title":"Calculadora Online","description":"Use online calculator for correct calculations. Digital tool for simple math and complicated tasks with advanced features for evaluating percentages, fractions, logarithms, etc.","robots":{"index":"index","follow":"follow","max-snippet":"max-snippet:-1","max-image-preview":"max-image-preview:large","max-video-preview":"max-video-preview:-1"},"canonical":"https:\/\/calculator-online.info\/es\/","og_locale":"es_ES","og_type":"article","og_title":"Calculadora Online","og_description":"Use online calculator for correct calculations. Digital tool for simple math and complicated tasks with advanced features for evaluating percentages, fractions, logarithms, etc.","og_url":"https:\/\/calculator-online.info\/es\/","og_site_name":"Calculadora Online","article_modified_time":"2024-05-08T13:26:18+00:00","twitter_card":"summary_large_image","twitter_misc":{"Tiempo de lectura":"1 minuto"},"schema":{"@context":"https:\/\/schema.org","@graph":[{"@type":"WebPage","@id":"https:\/\/calculator-online.info\/es\/","url":"https:\/\/calculator-online.info\/es\/","name":"Calculadora Online","isPartOf":{"@id":"https:\/\/calculator-online.info\/es\/#website"},"datePublished":"2022-10-27T07:38:28+00:00","dateModified":"2024-05-08T13:26:18+00:00","description":"Use online calculator for correct calculations. Digital tool for simple math and complicated tasks with advanced features for evaluating percentages, fractions, logarithms, etc.","breadcrumb":{"@id":"https:\/\/calculator-online.info\/es\/#breadcrumb"},"inLanguage":"es","potentialAction":[{"@type":"ReadAction","target":["https:\/\/calculator-online.info\/es\/"]}]},{"@type":"BreadcrumbList","@id":"https:\/\/calculator-online.info\/es\/#breadcrumb","itemListElement":[{"@type":"ListItem","position":1,"name":"Portada","item":"https:\/\/calculator-online.info\/es\/"},{"@type":"ListItem","position":2,"name":"Calculadora Online"}]},{"@type":"WebSite","@id":"https:\/\/calculator-online.info\/es\/#website","url":"https:\/\/calculator-online.info\/es\/","name":"Calculadora Online","description":"","potentialAction":[{"@type":"SearchAction","target":{"@type":"EntryPoint","urlTemplate":"https:\/\/calculator-online.info\/es\/?s={search_term_string}"},"query-input":"required name=search_term_string"}],"inLanguage":"es"}]}},"_links":{"self":[{"href":"https:\/\/calculator-online.info\/es\/wp-json\/wp\/v2\/pages\/7"}],"collection":[{"href":"https:\/\/calculator-online.info\/es\/wp-json\/wp\/v2\/pages"}],"about":[{"href":"https:\/\/calculator-online.info\/es\/wp-json\/wp\/v2\/types\/page"}],"author":[{"embeddable":true,"href":"https:\/\/calculator-online.info\/es\/wp-json\/wp\/v2\/users\/1"}],"replies":[{"embeddable":true,"href":"https:\/\/calculator-online.info\/es\/wp-json\/wp\/v2\/comments?post=7"}],"version-history":[{"count":0,"href":"https:\/\/calculator-online.info\/es\/wp-json\/wp\/v2\/pages\/7\/revisions"}],"wp:attachment":[{"href":"https:\/\/calculator-online.info\/es\/wp-json\/wp\/v2\/media?parent=7"}],"curies":[{"name":"wp","href":"https:\/\/api.w.org\/{rel}","templated":true}]}}